{"id":44,"date":"2023-08-14T15:30:32","date_gmt":"2023-08-14T13:30:32","guid":{"rendered":"https:\/\/mgimagenysonido.com.ar\/?page_id=44"},"modified":"2023-08-16T15:32:03","modified_gmt":"2023-08-16T13:32:03","slug":"contacto","status":"publish","type":"page","link":"https:\/\/mgimagenysonido.com.ar\/index.php\/contacto\/","title":{"rendered":"Contacto"},"content":{"rendered":"\t\t<div data-elementor-type=\"wp-page\" data-elementor-id=\"44\" class=\"elementor elementor-44\" data-elementor-settings=\"{&quot;ha_cmc_init_switcher&quot;:&quot;no&quot;}\" data-elementor-post-type=\"page\">\n\t\t\t\t\t\t<section class=\"elementor-section elementor-top-section elementor-element elementor-element-1a3de82 elementor-section-height-min-height elementor-section-boxed elementor-section-height-default elementor-section-items-middle\" data-id=\"1a3de82\" data-element_type=\"section\" data-settings=\"{&quot;background_background&quot;:&quot;classic&quot;,&quot;_ha_eqh_enable&quot;:false}\">\n\t\t\t\t\t\t<div class=\"elementor-container elementor-column-gap-default\">\n\t\t\t\t\t<div class=\"elementor-column elementor-col-100 elementor-top-column elementor-element elementor-element-7a5ce7a\" data-id=\"7a5ce7a\" data-element_type=\"column\">\n\t\t\t<div class=\"elementor-widget-wrap elementor-element-populated\">\n\t\t\t\t\t\t<div class=\"elementor-element elementor-element-548c02f elementor-widget elementor-widget-heading\" data-id=\"548c02f\" data-element_type=\"widget\" data-settings=\"{&quot;_animation_mobile&quot;:&quot;fadeInUp&quot;}\" data-widget_type=\"heading.default\">\n\t\t\t\t<div class=\"elementor-widget-container\">\n\t\t\t\t\t<h2 class=\"elementor-heading-title elementor-size-default\">CONTACTO<\/h2>\t\t\t\t<\/div>\n\t\t\t\t<\/div>\n\t\t\t\t\t<\/div>\n\t\t<\/div>\n\t\t\t\t\t<\/div>\n\t\t<\/section>\n\t\t\t\t<section class=\"elementor-section elementor-top-section elementor-element elementor-element-22333b2b elementor-section-height-min-height elementor-section-boxed elementor-section-height-default elementor-section-items-middle\" data-id=\"22333b2b\" data-element_type=\"section\" data-settings=\"{&quot;background_background&quot;:&quot;video&quot;,&quot;background_play_on_mobile&quot;:&quot;yes&quot;,&quot;motion_fx_motion_fx_scrolling&quot;:&quot;yes&quot;,&quot;motion_fx_devices&quot;:[&quot;desktop&quot;,&quot;tablet&quot;,&quot;mobile&quot;]}\">\n\t\t\t\t\t\t\t<div class=\"elementor-background-overlay\"><\/div>\n\t\t\t\t\t\t\t<div class=\"elementor-container elementor-column-gap-default\">\n\t\t\t\t\t<div class=\"elementor-column elementor-col-100 elementor-top-column elementor-element elementor-element-79a35467\" data-id=\"79a35467\" data-element_type=\"column\">\n\t\t\t<div class=\"elementor-widget-wrap elementor-element-populated\">\n\t\t\t\t\t\t<div class=\"elementor-element elementor-element-32e89606 elementor-widget elementor-widget-heading\" data-id=\"32e89606\" data-element_type=\"widget\" data-widget_type=\"heading.default\">\n\t\t\t\t<div class=\"elementor-widget-container\">\n\t\t\t\t\t<h2 class=\"elementor-heading-title elementor-size-default\"> Lleva tus Eventos al Pr\u00f3ximo Nivel<\/h2>\t\t\t\t<\/div>\n\t\t\t\t<\/div>\n\t\t\t\t<div class=\"elementor-element elementor-element-7c1f7ad9 animated-slow elementor-invisible elementor-widget elementor-widget-text-editor\" data-id=\"7c1f7ad9\" data-element_type=\"widget\" data-settings=\"{&quot;_animation&quot;:&quot;fadeIn&quot;}\" data-widget_type=\"text-editor.default\">\n\t\t\t\t<div class=\"elementor-widget-container\">\n\t\t\t\t\t\t\t\t\t<div id=\"BD34DA22_AD31_C801_29AB_A63725E52126\">Si est\u00e1s listo para transformar tus eventos en experiencias extraordinarias con audio y visuales impactantes, estamos aqu\u00ed para ayudarte. En MG Imagen &amp; Sonido, brindamos asesoramiento t\u00e9cnico experto y soluciones personalizadas para hacer realidad tus visiones. \u00a1Contacta con nosotros y comencemos a crear magia juntos!<\/div>\n<div id=\"BD34DA22_AD31_C801_29AB_A63725E52126\"><\/div>\n<div id=\"BD34DA22_AD31_C801_29AB_A63725E52126\"><\/div>\n<div id=\"BD34DA22_AD31_C801_29AB_A63725E52126\"><\/div>\n<div id=\"BD34DA22_AD31_C801_29AB_A63725E52126\"><\/div>\n<div id=\"BD34DA22_AD31_C801_29AB_A63725E52126\"><\/div>\n<div id=\"BD34DA22_AD31_C801_29AB_A63725E52126\"><\/div>\n<div id=\"BD34DA22_AD31_C801_29AB_A63725E52126\"><\/div>\n<div id=\"BD34DA22_AD31_C801_29AB_A63725E52126\"><\/div>\n<div id=\"BD34DA22_AD31_C801_29AB_A63725E52126\"><\/div>\n<div id=\"BD34DA22_AD31_C801_29AB_A63725E52126\"><\/div>\n<div id=\"BD34DA22_AD31_C801_29AB_A63725E52126\"><\/div>\n<div id=\"BD34DA22_AD31_C801_29AB_A63725E52126\"><\/div>\n<div id=\"BD34DA22_AD31_C801_29AB_A63725E52126\"><\/div>\n<div id=\"BD34DA22_AD31_C801_29AB_A63725E52126\"><\/div>\n<div id=\"BD34DA22_AD31_C801_29AB_A63725E52126\"><\/div>\n<div id=\"BD34DA22_AD31_C801_29AB_A63725E52126\"><\/div>\n<div id=\"BD34DA22_AD31_C801_29AB_A63725E52126\"><\/div>\n<div id=\"BD34DA22_AD31_C801_29AB_A63725E52126\"><\/div>\t\t\t\t\t\t\t\t<\/div>\n\t\t\t\t<\/div>\n\t\t\t\t<section class=\"elementor-section elementor-inner-section elementor-element elementor-element-28aa0653 elementor-section-boxed elementor-section-height-default elementor-section-height-default\" data-id=\"28aa0653\" data-element_type=\"section\" data-settings=\"{&quot;_ha_eqh_enable&quot;:false}\">\n\t\t\t\t\t\t<div class=\"elementor-container elementor-column-gap-default\">\n\t\t\t\t\t<div class=\"elementor-column elementor-col-50 elementor-inner-column elementor-element elementor-element-799af6e8\" data-id=\"799af6e8\" data-element_type=\"column\">\n\t\t\t<div class=\"elementor-widget-wrap elementor-element-populated\">\n\t\t\t\t\t\t<div class=\"elementor-element elementor-element-1e3e5c15 elementor-position-left elementor-view-default elementor-mobile-position-top elementor-vertical-align-top elementor-widget elementor-widget-icon-box\" data-id=\"1e3e5c15\" data-element_type=\"widget\" data-widget_type=\"icon-box.default\">\n\t\t\t\t<div class=\"elementor-widget-container\">\n\t\t\t\t\t\t\t<div class=\"elementor-icon-box-wrapper\">\n\n\t\t\t\t\t\t<div class=\"elementor-icon-box-icon\">\n\t\t\t\t<a href=\"tel:11%2036276835%20\" class=\"elementor-icon\" tabindex=\"-1\" aria-label=\"Tel\u00e9fono: 11 36276835 \">\n\t\t\t\t<i aria-hidden=\"true\" class=\"fas fa-phone-alt\"><\/i>\t\t\t\t<\/a>\n\t\t\t<\/div>\n\t\t\t\n\t\t\t\t\t\t<div class=\"elementor-icon-box-content\">\n\n\t\t\t\t\t\t\t\t\t<h3 class=\"elementor-icon-box-title\">\n\t\t\t\t\t\t<a href=\"tel:11%2036276835%20\" >\n\t\t\t\t\t\t\tTel\u00e9fono: 11 36276835 \t\t\t\t\t\t<\/a>\n\t\t\t\t\t<\/h3>\n\t\t\t\t\n\t\t\t\t\n\t\t\t<\/div>\n\t\t\t\n\t\t<\/div>\n\t\t\t\t\t\t<\/div>\n\t\t\t\t<\/div>\n\t\t\t\t<div class=\"elementor-element elementor-element-1391db9f elementor-position-left elementor-view-default elementor-mobile-position-top elementor-vertical-align-top elementor-widget elementor-widget-icon-box\" data-id=\"1391db9f\" data-element_type=\"widget\" data-widget_type=\"icon-box.default\">\n\t\t\t\t<div class=\"elementor-widget-container\">\n\t\t\t\t\t\t\t<div class=\"elementor-icon-box-wrapper\">\n\n\t\t\t\t\t\t<div class=\"elementor-icon-box-icon\">\n\t\t\t\t<a href=\"https:\/\/wa.link\/1v8j00\" class=\"elementor-icon\" tabindex=\"-1\" aria-label=\"WhatsApp: 11 36276835 \">\n\t\t\t\t<i aria-hidden=\"true\" class=\"fab fa-whatsapp\"><\/i>\t\t\t\t<\/a>\n\t\t\t<\/div>\n\t\t\t\n\t\t\t\t\t\t<div class=\"elementor-icon-box-content\">\n\n\t\t\t\t\t\t\t\t\t<h3 class=\"elementor-icon-box-title\">\n\t\t\t\t\t\t<a href=\"https:\/\/wa.link\/1v8j00\" >\n\t\t\t\t\t\t\tWhatsApp: 11 36276835 \t\t\t\t\t\t<\/a>\n\t\t\t\t\t<\/h3>\n\t\t\t\t\n\t\t\t\t\n\t\t\t<\/div>\n\t\t\t\n\t\t<\/div>\n\t\t\t\t\t\t<\/div>\n\t\t\t\t<\/div>\n\t\t\t\t<div class=\"elementor-element elementor-element-74b148be elementor-position-left elementor-view-default elementor-mobile-position-top elementor-vertical-align-top elementor-widget elementor-widget-icon-box\" data-id=\"74b148be\" data-element_type=\"widget\" data-widget_type=\"icon-box.default\">\n\t\t\t\t<div class=\"elementor-widget-container\">\n\t\t\t\t\t\t\t<div class=\"elementor-icon-box-wrapper\">\n\n\t\t\t\t\t\t<div class=\"elementor-icon-box-icon\">\n\t\t\t\t<a href=\"mailto:marcelosonido@hotmail.com\" class=\"elementor-icon\" tabindex=\"-1\" aria-label=\"marcelosonido@hotmail.com\">\n\t\t\t\t<i aria-hidden=\"true\" class=\"far fa-envelope\"><\/i>\t\t\t\t<\/a>\n\t\t\t<\/div>\n\t\t\t\n\t\t\t\t\t\t<div class=\"elementor-icon-box-content\">\n\n\t\t\t\t\t\t\t\t\t<h3 class=\"elementor-icon-box-title\">\n\t\t\t\t\t\t<a href=\"mailto:marcelosonido@hotmail.com\" >\n\t\t\t\t\t\t\tmarcelosonido@hotmail.com\t\t\t\t\t\t<\/a>\n\t\t\t\t\t<\/h3>\n\t\t\t\t\n\t\t\t\t\n\t\t\t<\/div>\n\t\t\t\n\t\t<\/div>\n\t\t\t\t\t\t<\/div>\n\t\t\t\t<\/div>\n\t\t\t\t<div class=\"elementor-element elementor-element-936d05b elementor-position-left elementor-view-default elementor-mobile-position-top elementor-vertical-align-top elementor-widget elementor-widget-icon-box\" data-id=\"936d05b\" data-element_type=\"widget\" data-widget_type=\"icon-box.default\">\n\t\t\t\t<div class=\"elementor-widget-container\">\n\t\t\t\t\t\t\t<div class=\"elementor-icon-box-wrapper\">\n\n\t\t\t\t\t\t<div class=\"elementor-icon-box-icon\">\n\t\t\t\t<a href=\"mailto:info@mgimagenysonido.com.ar\" class=\"elementor-icon\" tabindex=\"-1\" aria-label=\"info@mgimagenysonido.com.ar\">\n\t\t\t\t<i aria-hidden=\"true\" class=\"far fa-envelope\"><\/i>\t\t\t\t<\/a>\n\t\t\t<\/div>\n\t\t\t\n\t\t\t\t\t\t<div class=\"elementor-icon-box-content\">\n\n\t\t\t\t\t\t\t\t\t<h3 class=\"elementor-icon-box-title\">\n\t\t\t\t\t\t<a href=\"mailto:info@mgimagenysonido.com.ar\" >\n\t\t\t\t\t\t\tinfo@mgimagenysonido.com.ar\t\t\t\t\t\t<\/a>\n\t\t\t\t\t<\/h3>\n\t\t\t\t\n\t\t\t\t\n\t\t\t<\/div>\n\t\t\t\n\t\t<\/div>\n\t\t\t\t\t\t<\/div>\n\t\t\t\t<\/div>\n\t\t\t\t<div class=\"elementor-element elementor-element-33d79492 elementor-position-left elementor-view-default elementor-mobile-position-top elementor-vertical-align-top elementor-widget elementor-widget-icon-box\" data-id=\"33d79492\" data-element_type=\"widget\" data-widget_type=\"icon-box.default\">\n\t\t\t\t<div class=\"elementor-widget-container\">\n\t\t\t\t\t\t\t<div class=\"elementor-icon-box-wrapper\">\n\n\t\t\t\t\t\t<div class=\"elementor-icon-box-icon\">\n\t\t\t\t<a href=\"https:\/\/www.instagram.com\/mgimagenysonido\/\" target=\"_blank\" class=\"elementor-icon\" tabindex=\"-1\" aria-label=\"mgimagenysonido\">\n\t\t\t\t<i aria-hidden=\"true\" class=\"fab fa-instagram\"><\/i>\t\t\t\t<\/a>\n\t\t\t<\/div>\n\t\t\t\n\t\t\t\t\t\t<div class=\"elementor-icon-box-content\">\n\n\t\t\t\t\t\t\t\t\t<h3 class=\"elementor-icon-box-title\">\n\t\t\t\t\t\t<a href=\"https:\/\/www.instagram.com\/mgimagenysonido\/\" target=\"_blank\" >\n\t\t\t\t\t\t\tmgimagenysonido\t\t\t\t\t\t<\/a>\n\t\t\t\t\t<\/h3>\n\t\t\t\t\n\t\t\t\t\n\t\t\t<\/div>\n\t\t\t\n\t\t<\/div>\n\t\t\t\t\t\t<\/div>\n\t\t\t\t<\/div>\n\t\t\t\t<div class=\"elementor-element elementor-element-460816fa elementor-position-left elementor-view-default elementor-mobile-position-top elementor-vertical-align-top elementor-widget elementor-widget-icon-box\" data-id=\"460816fa\" data-element_type=\"widget\" data-widget_type=\"icon-box.default\">\n\t\t\t\t<div class=\"elementor-widget-container\">\n\t\t\t\t\t\t\t<div class=\"elementor-icon-box-wrapper\">\n\n\t\t\t\t\t\t<div class=\"elementor-icon-box-icon\">\n\t\t\t\t<a href=\"https:\/\/www.facebook.com\/profile.php?id=100094314173110\" target=\"_blank\" class=\"elementor-icon\" tabindex=\"-1\" aria-label=\"MG Imagen y Sonido\">\n\t\t\t\t<i aria-hidden=\"true\" class=\"fab fa-facebook\"><\/i>\t\t\t\t<\/a>\n\t\t\t<\/div>\n\t\t\t\n\t\t\t\t\t\t<div class=\"elementor-icon-box-content\">\n\n\t\t\t\t\t\t\t\t\t<h3 class=\"elementor-icon-box-title\">\n\t\t\t\t\t\t<a href=\"https:\/\/www.facebook.com\/profile.php?id=100094314173110\" target=\"_blank\" >\n\t\t\t\t\t\t\tMG Imagen y Sonido\t\t\t\t\t\t<\/a>\n\t\t\t\t\t<\/h3>\n\t\t\t\t\n\t\t\t\t\n\t\t\t<\/div>\n\t\t\t\n\t\t<\/div>\n\t\t\t\t\t\t<\/div>\n\t\t\t\t<\/div>\n\t\t\t\t\t<\/div>\n\t\t<\/div>\n\t\t\t\t<div class=\"elementor-column elementor-col-50 elementor-inner-column elementor-element elementor-element-5a80633f\" data-id=\"5a80633f\" data-element_type=\"column\">\n\t\t\t<div class=\"elementor-widget-wrap elementor-element-populated\">\n\t\t\t\t\t\t<div class=\"elementor-element elementor-element-69251bf0 elementor-widget elementor-widget-image\" data-id=\"69251bf0\" data-element_type=\"widget\" data-settings=\"{&quot;ha_floating_fx&quot;:&quot;yes&quot;,&quot;ha_floating_fx_scale_toggle&quot;:&quot;yes&quot;,&quot;ha_floating_fx_scale_x&quot;:{&quot;unit&quot;:&quot;px&quot;,&quot;size&quot;:&quot;&quot;,&quot;sizes&quot;:{&quot;from&quot;:1,&quot;to&quot;:1.2}},&quot;ha_floating_fx_scale_y&quot;:{&quot;unit&quot;:&quot;px&quot;,&quot;size&quot;:&quot;&quot;,&quot;sizes&quot;:{&quot;from&quot;:1,&quot;to&quot;:1.2}},&quot;ha_floating_fx_scale_duration&quot;:{&quot;unit&quot;:&quot;px&quot;,&quot;size&quot;:1000,&quot;sizes&quot;:[]},&quot;ha_floating_fx_scale_delay&quot;:{&quot;unit&quot;:&quot;px&quot;,&quot;size&quot;:&quot;&quot;,&quot;sizes&quot;:[]}}\" data-widget_type=\"image.default\">\n\t\t\t\t<div class=\"elementor-widget-container\">\n\t\t\t\t\t\t\t\t\t\t\t\t\t\t\t<img fetchpriority=\"high\" decoding=\"async\" width=\"700\" height=\"500\" src=\"https:\/\/mgimagenysonido.com.ar\/wp-content\/uploads\/2023\/08\/DJ6.png\" class=\"attachment-full size-full wp-image-197\" alt=\"\" srcset=\"https:\/\/mgimagenysonido.com.ar\/wp-content\/uploads\/2023\/08\/DJ6.png 700w, https:\/\/mgimagenysonido.com.ar\/wp-content\/uploads\/2023\/08\/DJ6-300x214.png 300w\" sizes=\"(max-width: 700px) 100vw, 700px\" \/>\t\t\t\t\t\t\t\t\t\t\t\t\t\t\t<\/div>\n\t\t\t\t<\/div>\n\t\t\t\t\t<\/div>\n\t\t<\/div>\n\t\t\t\t\t<\/div>\n\t\t<\/section>\n\t\t\t\t\t<\/div>\n\t\t<\/div>\n\t\t\t\t\t<\/div>\n\t\t<\/section>\n\t\t\t\t<\/div>\n\t\t","protected":false},"excerpt":{"rendered":"<p>CONTACTO Lleva tus Eventos al Pr\u00f3ximo Nivel Si est\u00e1s listo para transformar tus eventos en experiencias extraordinarias con audio y visuales impactantes, estamos aqu\u00ed para ayudarte. En MG Imagen &amp; Sonido, brindamos asesoramiento t\u00e9cnico experto y soluciones personalizadas para hacer realidad tus visiones. \u00a1Contacta con nosotros y comencemos a crear magia juntos! Tel\u00e9fono: 11 36276835 [&hellip;]<\/p>\n","protected":false},"author":1,"featured_media":0,"parent":0,"menu_order":0,"comment_status":"closed","ping_status":"closed","template":"","meta":{"site-sidebar-layout":"no-sidebar","site-content-layout":"page-builder","ast-site-content-layout":"","site-content-style":"default","site-sidebar-style":"default","ast-global-header-display":"","ast-banner-title-visibility":"","ast-main-header-display":"","ast-hfb-above-header-display":"","ast-hfb-below-header-display":"","ast-hfb-mobile-header-display":"","site-post-title":"disabled","ast-breadcrumbs-content":"","ast-featured-img":"disabled","footer-sml-layout":"","theme-transparent-header-meta":"","adv-header-id-meta":"","stick-header-meta":"","header-above-stick-meta":"","header-main-stick-meta":"","header-below-stick-meta":"","astra-migrate-meta-layouts":"default","ast-page-background-enabled":"default","ast-page-background-meta":{"desktop":{"background-color":"var(--ast-global-color-4)","background-image":"","background-repeat":"repeat","background-position":"center center","background-size":"auto","background-attachment":"scroll","background-type":"","background-media":"","overlay-type":"","overlay-color":"","overlay-opacity":"","overlay-gradient":""},"tablet":{"background-color":"","background-image":"","background-repeat":"repeat","background-position":"center center","background-size":"auto","background-attachment":"scroll","background-type":"","background-media":"","overlay-type":"","overlay-color":"","overlay-opacity":"","overlay-gradient":""},"mobile":{"background-color":"","background-image":"","background-repeat":"repeat","background-position":"center center","background-size":"auto","background-attachment":"scroll","background-type":"","background-media":"","overlay-type":"","overlay-color":"","overlay-opacity":"","overlay-gradient":""}},"ast-content-background-meta":{"desktop":{"background-color":"var(--ast-global-color-5)","background-image":"","background-repeat":"repeat","background-position":"center center","background-size":"auto","background-attachment":"scroll","background-type":"","background-media":"","overlay-type":"","overlay-color":"","overlay-opacity":"","overlay-gradient":""},"tablet":{"background-color":"var(--ast-global-color-5)","background-image":"","background-repeat":"repeat","background-position":"center center","background-size":"auto","background-attachment":"scroll","background-type":"","background-media":"","overlay-type":"","overlay-color":"","overlay-opacity":"","overlay-gradient":""},"mobile":{"background-color":"var(--ast-global-color-5)","background-image":"","background-repeat":"repeat","background-position":"center center","background-size":"auto","background-attachment":"scroll","background-type":"","background-media":"","overlay-type":"","overlay-color":"","overlay-opacity":"","overlay-gradient":""}},"_joinchat":[],"footnotes":""},"class_list":["post-44","page","type-page","status-publish","hentry"],"yoast_head":"<!-- This site is optimized with the Yoast SEO plugin v26.8 - https:\/\/yoast.com\/product\/yoast-seo-wordpress\/ -->\n<title>Contacto - MG Im\u00e1gen &amp; Sonido<\/title>\n<meta name=\"robots\" content=\"index, follow, max-snippet:-1, max-image-preview:large, max-video-preview:-1\" \/>\n<link rel=\"canonical\" href=\"https:\/\/mgimagenysonido.com.ar\/index.php\/contacto\/\" \/>\n<meta property=\"og:locale\" content=\"es_ES\" \/>\n<meta property=\"og:type\" content=\"article\" \/>\n<meta property=\"og:title\" content=\"Contacto - MG Im\u00e1gen &amp; Sonido\" \/>\n<meta property=\"og:description\" content=\"CONTACTO Lleva tus Eventos al Pr\u00f3ximo Nivel Si est\u00e1s listo para transformar tus eventos en experiencias extraordinarias con audio y visuales impactantes, estamos aqu\u00ed para ayudarte. En MG Imagen &amp; Sonido, brindamos asesoramiento t\u00e9cnico experto y soluciones personalizadas para hacer realidad tus visiones. \u00a1Contacta con nosotros y comencemos a crear magia juntos! Tel\u00e9fono: 11 36276835 [&hellip;]\" \/>\n<meta property=\"og:url\" content=\"https:\/\/mgimagenysonido.com.ar\/index.php\/contacto\/\" \/>\n<meta property=\"og:site_name\" content=\"MG Im\u00e1gen &amp; Sonido\" \/>\n<meta property=\"article:modified_time\" content=\"2023-08-16T13:32:03+00:00\" \/>\n<meta property=\"og:image\" content=\"https:\/\/mgimagenysonido.com.ar\/wp-content\/uploads\/2023\/08\/DJ6.png\" \/>\n<meta name=\"twitter:card\" content=\"summary_large_image\" \/>\n<meta name=\"twitter:label1\" content=\"Tiempo de lectura\" \/>\n\t<meta name=\"twitter:data1\" content=\"1 minuto\" \/>\n<script type=\"application\/ld+json\" class=\"yoast-schema-graph\">{\"@context\":\"https:\/\/schema.org\",\"@graph\":[{\"@type\":\"WebPage\",\"@id\":\"https:\/\/mgimagenysonido.com.ar\/index.php\/contacto\/\",\"url\":\"https:\/\/mgimagenysonido.com.ar\/index.php\/contacto\/\",\"name\":\"Contacto - MG Im\u00e1gen &amp; Sonido\",\"isPartOf\":{\"@id\":\"https:\/\/mgimagenysonido.com.ar\/#website\"},\"primaryImageOfPage\":{\"@id\":\"https:\/\/mgimagenysonido.com.ar\/index.php\/contacto\/#primaryimage\"},\"image\":{\"@id\":\"https:\/\/mgimagenysonido.com.ar\/index.php\/contacto\/#primaryimage\"},\"thumbnailUrl\":\"https:\/\/mgimagenysonido.com.ar\/wp-content\/uploads\/2023\/08\/DJ6.png\",\"datePublished\":\"2023-08-14T13:30:32+00:00\",\"dateModified\":\"2023-08-16T13:32:03+00:00\",\"breadcrumb\":{\"@id\":\"https:\/\/mgimagenysonido.com.ar\/index.php\/contacto\/#breadcrumb\"},\"inLanguage\":\"es\",\"potentialAction\":[{\"@type\":\"ReadAction\",\"target\":[\"https:\/\/mgimagenysonido.com.ar\/index.php\/contacto\/\"]}]},{\"@type\":\"ImageObject\",\"inLanguage\":\"es\",\"@id\":\"https:\/\/mgimagenysonido.com.ar\/index.php\/contacto\/#primaryimage\",\"url\":\"https:\/\/mgimagenysonido.com.ar\/wp-content\/uploads\/2023\/08\/DJ6.png\",\"contentUrl\":\"https:\/\/mgimagenysonido.com.ar\/wp-content\/uploads\/2023\/08\/DJ6.png\",\"width\":700,\"height\":500},{\"@type\":\"BreadcrumbList\",\"@id\":\"https:\/\/mgimagenysonido.com.ar\/index.php\/contacto\/#breadcrumb\",\"itemListElement\":[{\"@type\":\"ListItem\",\"position\":1,\"name\":\"Portada\",\"item\":\"https:\/\/mgimagenysonido.com.ar\/\"},{\"@type\":\"ListItem\",\"position\":2,\"name\":\"Contacto\"}]},{\"@type\":\"WebSite\",\"@id\":\"https:\/\/mgimagenysonido.com.ar\/#website\",\"url\":\"https:\/\/mgimagenysonido.com.ar\/\",\"name\":\"MG Im\u00e1gen &amp; Sonido\",\"description\":\"Todo lo que tu evento necesita\",\"publisher\":{\"@id\":\"https:\/\/mgimagenysonido.com.ar\/#organization\"},\"potentialAction\":[{\"@type\":\"SearchAction\",\"target\":{\"@type\":\"EntryPoint\",\"urlTemplate\":\"https:\/\/mgimagenysonido.com.ar\/?s={search_term_string}\"},\"query-input\":{\"@type\":\"PropertyValueSpecification\",\"valueRequired\":true,\"valueName\":\"search_term_string\"}}],\"inLanguage\":\"es\"},{\"@type\":\"Organization\",\"@id\":\"https:\/\/mgimagenysonido.com.ar\/#organization\",\"name\":\"MG Im\u00e1gen &amp; Sonido\",\"url\":\"https:\/\/mgimagenysonido.com.ar\/\",\"logo\":{\"@type\":\"ImageObject\",\"inLanguage\":\"es\",\"@id\":\"https:\/\/mgimagenysonido.com.ar\/#\/schema\/logo\/image\/\",\"url\":\"https:\/\/mgimagenysonido.com.ar\/wp-content\/uploads\/2023\/08\/MG-LOGO-WEB.png\",\"contentUrl\":\"https:\/\/mgimagenysonido.com.ar\/wp-content\/uploads\/2023\/08\/MG-LOGO-WEB.png\",\"width\":650,\"height\":300,\"caption\":\"MG Im\u00e1gen &amp; Sonido\"},\"image\":{\"@id\":\"https:\/\/mgimagenysonido.com.ar\/#\/schema\/logo\/image\/\"}}]}<\/script>\n<!-- \/ Yoast SEO plugin. -->","yoast_head_json":{"title":"Contacto - MG Im\u00e1gen &amp; Sonido","robots":{"index":"index","follow":"follow","max-snippet":"max-snippet:-1","max-image-preview":"max-image-preview:large","max-video-preview":"max-video-preview:-1"},"canonical":"https:\/\/mgimagenysonido.com.ar\/index.php\/contacto\/","og_locale":"es_ES","og_type":"article","og_title":"Contacto - MG Im\u00e1gen &amp; Sonido","og_description":"CONTACTO Lleva tus Eventos al Pr\u00f3ximo Nivel Si est\u00e1s listo para transformar tus eventos en experiencias extraordinarias con audio y visuales impactantes, estamos aqu\u00ed para ayudarte. En MG Imagen &amp; Sonido, brindamos asesoramiento t\u00e9cnico experto y soluciones personalizadas para hacer realidad tus visiones. \u00a1Contacta con nosotros y comencemos a crear magia juntos! Tel\u00e9fono: 11 36276835 [&hellip;]","og_url":"https:\/\/mgimagenysonido.com.ar\/index.php\/contacto\/","og_site_name":"MG Im\u00e1gen &amp; Sonido","article_modified_time":"2023-08-16T13:32:03+00:00","og_image":[{"url":"https:\/\/mgimagenysonido.com.ar\/wp-content\/uploads\/2023\/08\/DJ6.png","type":"","width":"","height":""}],"twitter_card":"summary_large_image","twitter_misc":{"Tiempo de lectura":"1 minuto"},"schema":{"@context":"https:\/\/schema.org","@graph":[{"@type":"WebPage","@id":"https:\/\/mgimagenysonido.com.ar\/index.php\/contacto\/","url":"https:\/\/mgimagenysonido.com.ar\/index.php\/contacto\/","name":"Contacto - MG Im\u00e1gen &amp; Sonido","isPartOf":{"@id":"https:\/\/mgimagenysonido.com.ar\/#website"},"primaryImageOfPage":{"@id":"https:\/\/mgimagenysonido.com.ar\/index.php\/contacto\/#primaryimage"},"image":{"@id":"https:\/\/mgimagenysonido.com.ar\/index.php\/contacto\/#primaryimage"},"thumbnailUrl":"https:\/\/mgimagenysonido.com.ar\/wp-content\/uploads\/2023\/08\/DJ6.png","datePublished":"2023-08-14T13:30:32+00:00","dateModified":"2023-08-16T13:32:03+00:00","breadcrumb":{"@id":"https:\/\/mgimagenysonido.com.ar\/index.php\/contacto\/#breadcrumb"},"inLanguage":"es","potentialAction":[{"@type":"ReadAction","target":["https:\/\/mgimagenysonido.com.ar\/index.php\/contacto\/"]}]},{"@type":"ImageObject","inLanguage":"es","@id":"https:\/\/mgimagenysonido.com.ar\/index.php\/contacto\/#primaryimage","url":"https:\/\/mgimagenysonido.com.ar\/wp-content\/uploads\/2023\/08\/DJ6.png","contentUrl":"https:\/\/mgimagenysonido.com.ar\/wp-content\/uploads\/2023\/08\/DJ6.png","width":700,"height":500},{"@type":"BreadcrumbList","@id":"https:\/\/mgimagenysonido.com.ar\/index.php\/contacto\/#breadcrumb","itemListElement":[{"@type":"ListItem","position":1,"name":"Portada","item":"https:\/\/mgimagenysonido.com.ar\/"},{"@type":"ListItem","position":2,"name":"Contacto"}]},{"@type":"WebSite","@id":"https:\/\/mgimagenysonido.com.ar\/#website","url":"https:\/\/mgimagenysonido.com.ar\/","name":"MG Im\u00e1gen &amp; Sonido","description":"Todo lo que tu evento necesita","publisher":{"@id":"https:\/\/mgimagenysonido.com.ar\/#organization"},"potentialAction":[{"@type":"SearchAction","target":{"@type":"EntryPoint","urlTemplate":"https:\/\/mgimagenysonido.com.ar\/?s={search_term_string}"},"query-input":{"@type":"PropertyValueSpecification","valueRequired":true,"valueName":"search_term_string"}}],"inLanguage":"es"},{"@type":"Organization","@id":"https:\/\/mgimagenysonido.com.ar\/#organization","name":"MG Im\u00e1gen &amp; Sonido","url":"https:\/\/mgimagenysonido.com.ar\/","logo":{"@type":"ImageObject","inLanguage":"es","@id":"https:\/\/mgimagenysonido.com.ar\/#\/schema\/logo\/image\/","url":"https:\/\/mgimagenysonido.com.ar\/wp-content\/uploads\/2023\/08\/MG-LOGO-WEB.png","contentUrl":"https:\/\/mgimagenysonido.com.ar\/wp-content\/uploads\/2023\/08\/MG-LOGO-WEB.png","width":650,"height":300,"caption":"MG Im\u00e1gen &amp; Sonido"},"image":{"@id":"https:\/\/mgimagenysonido.com.ar\/#\/schema\/logo\/image\/"}}]}},"_links":{"self":[{"href":"https:\/\/mgimagenysonido.com.ar\/index.php\/wp-json\/wp\/v2\/pages\/44","targetHints":{"allow":["GET"]}}],"collection":[{"href":"https:\/\/mgimagenysonido.com.ar\/index.php\/wp-json\/wp\/v2\/pages"}],"about":[{"href":"https:\/\/mgimagenysonido.com.ar\/index.php\/wp-json\/wp\/v2\/types\/page"}],"author":[{"embeddable":true,"href":"https:\/\/mgimagenysonido.com.ar\/index.php\/wp-json\/wp\/v2\/users\/1"}],"replies":[{"embeddable":true,"href":"https:\/\/mgimagenysonido.com.ar\/index.php\/wp-json\/wp\/v2\/comments?post=44"}],"version-history":[{"count":22,"href":"https:\/\/mgimagenysonido.com.ar\/index.php\/wp-json\/wp\/v2\/pages\/44\/revisions"}],"predecessor-version":[{"id":419,"href":"https:\/\/mgimagenysonido.com.ar\/index.php\/wp-json\/wp\/v2\/pages\/44\/revisions\/419"}],"wp:attachment":[{"href":"https:\/\/mgimagenysonido.com.ar\/index.php\/wp-json\/wp\/v2\/media?parent=44"}],"curies":[{"name":"wp","href":"https:\/\/api.w.org\/{rel}","templated":true}]}}